{"id":1986,"date":"2020-06-19T07:46:47","date_gmt":"2020-06-19T07:46:47","guid":{"rendered":"https:\/\/smartdata.tonytemplates.com\/bestel\/demo3\/?page_id=1986"},"modified":"2023-02-15T11:13:58","modified_gmt":"2023-02-15T10:13:58","slug":"restaurant","status":"publish","type":"page","link":"https:\/\/chambresdhotesduchateau.com\/?page_id=1986","title":{"rendered":"Petit-D\u00e9jeuner"},"content":{"rendered":"\t\t<div data-elementor-type=\"wp-page\" data-elementor-id=\"1986\" class=\"elementor elementor-1986\">\n\t\t\t\t\t\t\t\t\t<section class=\"elementor-section elementor-top-section elementor-element elementor-element-1e45621 elementor-section-stretched elementor-section-boxed elementor-section-height-default elementor-section-height-default wpr-particle-no wpr-jarallax-no wpr-parallax-no wpr-sticky-section-no\" data-id=\"1e45621\" data-element_type=\"section\" data-settings=\"{&quot;stretch_section&quot;:&quot;section-stretched&quot;,&quot;background_background&quot;:&quot;classic&quot;}\">\n\t\t\t\t\t\t<div class=\"elementor-container elementor-column-gap-no\">\n\t\t\t\t\t<div class=\"elementor-column elementor-col-100 elementor-top-column elementor-element elementor-element-7657f28\" data-id=\"7657f28\" data-element_type=\"column\">\n\t\t\t<div class=\"elementor-widget-wrap elementor-element-populated\">\n\t\t\t\t\t\t\t\t<section class=\"elementor-section elementor-inner-section elementor-element elementor-element-30d69f1 elementor-section-full_width elementor-section-height-default elementor-section-height-default wpr-particle-no wpr-jarallax-no wpr-parallax-no wpr-sticky-section-no\" data-id=\"30d69f1\" data-element_type=\"section\">\n\t\t\t\t\t\t<div class=\"elementor-container elementor-column-gap-default\">\n\t\t\t\t\t<div class=\"elementor-column elementor-col-100 elementor-inner-column elementor-element elementor-element-b490d42\" data-id=\"b490d42\" data-element_type=\"column\">\n\t\t\t<div class=\"elementor-widget-wrap elementor-element-populated\">\n\t\t\t\t\t\t\t\t<div class=\"elementor-element elementor-element-5119c4a elementor-widget elementor-widget-slick_single_slider\" data-id=\"5119c4a\" data-element_type=\"widget\" data-widget_type=\"slick_single_slider.default\">\n\t\t\t\t<div class=\"elementor-widget-container\">\n\t\t\t\t\t\t<ul class=\"slider-single list-unstyled js-slider-single\">\n\t\t\t\t\t\t<li><img decoding=\"async\" src=\"https:\/\/chambresdhotesduchateau.com\/wp-content\/uploads\/2023\/02\/Sans-titre-2.png\"><\/li>\n\t\t\t\t\t\t<li><img decoding=\"async\" src=\"https:\/\/chambresdhotesduchateau.com\/wp-content\/uploads\/2023\/02\/Sans-titre-3.png\"><\/li>\n\t\t\t\t\t\t<li><img decoding=\"async\" src=\"https:\/\/chambresdhotesduchateau.com\/wp-content\/uploads\/2023\/02\/Sans-titre-7.png\"><\/li>\n\t\t\t\t\t<\/ul>\n\t\t\n\t\t\n\t\t\t\t<\/div>\n\t\t\t\t<\/div>\n\t\t\t\t\t<\/div>\n\t\t<\/div>\n\t\t\t\t\t\t\t<\/div>\n\t\t<\/section>\n\t\t\t\t\t<\/div>\n\t\t<\/div>\n\t\t\t\t\t\t\t<\/div>\n\t\t<\/section>\n\t\t\t\t<section class=\"elementor-section elementor-top-section elementor-element elementor-element-70e6f60 elementor-section-stretched elementor-section-boxed elementor-section-height-default elementor-section-height-default wpr-particle-no wpr-jarallax-no wpr-parallax-no wpr-sticky-section-no\" data-id=\"70e6f60\" data-element_type=\"section\" data-settings=\"{&quot;stretch_section&quot;:&quot;section-stretched&quot;,&quot;background_background&quot;:&quot;classic&quot;}\">\n\t\t\t\t\t\t<div class=\"elementor-container elementor-column-gap-no\">\n\t\t\t\t\t<div class=\"elementor-column elementor-col-50 elementor-top-column elementor-element elementor-element-ccf6f3d\" data-id=\"ccf6f3d\" data-element_type=\"column\">\n\t\t\t<div class=\"elementor-widget-wrap elementor-element-populated\">\n\t\t\t\t\t\t\t\t<section class=\"elementor-section elementor-inner-section elementor-element elementor-element-a184c64 elementor-section-full_width elementor-section-height-default elementor-section-height-default wpr-particle-no wpr-jarallax-no wpr-parallax-no wpr-sticky-section-no\" data-id=\"a184c64\" data-element_type=\"section\">\n\t\t\t\t\t\t<div class=\"elementor-container elementor-column-gap-default\">\n\t\t\t\t\t<div class=\"elementor-column elementor-col-100 elementor-inner-column elementor-element elementor-element-7a91d0e\" data-id=\"7a91d0e\" data-element_type=\"column\">\n\t\t\t<div class=\"elementor-widget-wrap elementor-element-populated\">\n\t\t\t\t\t\t\t\t<div class=\"elementor-element elementor-element-742b19f elementor-widget elementor-widget-image\" data-id=\"742b19f\" data-element_type=\"widget\" data-widget_type=\"image.default\">\n\t\t\t\t<div class=\"elementor-widget-container\">\n\t\t\t<style>\/*! elementor - v3.10.2 - 29-01-2023 *\/\n.elementor-widget-image{text-align:center}.elementor-widget-image a{display:inline-block}.elementor-widget-image a img[src$=\".svg\"]{width:48px}.elementor-widget-image img{vertical-align:middle;display:inline-block}<\/style>\t\t\t\t\t\t\t\t\t\t\t\t<img loading=\"lazy\" decoding=\"async\" width=\"640\" height=\"308\" src=\"https:\/\/chambresdhotesduchateau.com\/wp-content\/uploads\/2023\/02\/Sans-titre-2-768x369.png\" class=\"attachment-medium_large size-medium_large wp-image-3129\" alt=\"\" srcset=\"https:\/\/chambresdhotesduchateau.com\/wp-content\/uploads\/2023\/02\/Sans-titre-2-768x369.png 768w, https:\/\/chambresdhotesduchateau.com\/wp-content\/uploads\/2023\/02\/Sans-titre-2-300x144.png 300w, https:\/\/chambresdhotesduchateau.com\/wp-content\/uploads\/2023\/02\/Sans-titre-2-1024x492.png 1024w, https:\/\/chambresdhotesduchateau.com\/wp-content\/uploads\/2023\/02\/Sans-titre-2-370x178.png 370w, https:\/\/chambresdhotesduchateau.com\/wp-content\/uploads\/2023\/02\/Sans-titre-2-270x130.png 270w, https:\/\/chambresdhotesduchateau.com\/wp-content\/uploads\/2023\/02\/Sans-titre-2-472x227.png 472w, https:\/\/chambresdhotesduchateau.com\/wp-content\/uploads\/2023\/02\/Sans-titre-2-570x274.png 570w, https:\/\/chambresdhotesduchateau.com\/wp-content\/uploads\/2023\/02\/Sans-titre-2-145x70.png 145w, https:\/\/chambresdhotesduchateau.com\/wp-content\/uploads\/2023\/02\/Sans-titre-2.png 1171w\" sizes=\"auto, (max-width: 640px) 100vw, 640px\" \/>\t\t\t\t\t\t\t\t\t\t\t\t\t\t\t<\/div>\n\t\t\t\t<\/div>\n\t\t\t\t\t<\/div>\n\t\t<\/div>\n\t\t\t\t\t\t\t<\/div>\n\t\t<\/section>\n\t\t\t\t<section class=\"elementor-section elementor-inner-section elementor-element elementor-element-037770f elementor-section-full_width elementor-section-height-default elementor-section-height-default wpr-particle-no wpr-jarallax-no wpr-parallax-no wpr-sticky-section-no\" data-id=\"037770f\" data-element_type=\"section\">\n\t\t\t\t\t\t<div class=\"elementor-container elementor-column-gap-default\">\n\t\t\t\t\t<div class=\"elementor-column elementor-col-50 elementor-inner-column elementor-element elementor-element-4b4b376\" data-id=\"4b4b376\" data-element_type=\"column\">\n\t\t\t<div class=\"elementor-widget-wrap elementor-element-populated\">\n\t\t\t\t\t\t\t\t<div class=\"elementor-element elementor-element-973354b elementor-widget elementor-widget-image\" data-id=\"973354b\" data-element_type=\"widget\" data-widget_type=\"image.default\">\n\t\t\t\t<div class=\"elementor-widget-container\">\n\t\t\t\t\t\t\t\t\t\t\t\t\t\t\t<img loading=\"lazy\" decoding=\"async\" width=\"270\" height=\"238\" src=\"https:\/\/chambresdhotesduchateau.com\/wp-content\/uploads\/2023\/02\/Sans-titre-6.png\" class=\"attachment-full size-full wp-image-3133\" alt=\"\" srcset=\"https:\/\/chambresdhotesduchateau.com\/wp-content\/uploads\/2023\/02\/Sans-titre-6.png 270w, https:\/\/chambresdhotesduchateau.com\/wp-content\/uploads\/2023\/02\/Sans-titre-6-192x169.png 192w, https:\/\/chambresdhotesduchateau.com\/wp-content\/uploads\/2023\/02\/Sans-titre-6-119x105.png 119w\" sizes=\"auto, (max-width: 270px) 100vw, 270px\" \/>\t\t\t\t\t\t\t\t\t\t\t\t\t\t\t<\/div>\n\t\t\t\t<\/div>\n\t\t\t\t\t<\/div>\n\t\t<\/div>\n\t\t\t\t<div class=\"elementor-column elementor-col-50 elementor-inner-column elementor-element elementor-element-85167cb\" data-id=\"85167cb\" data-element_type=\"column\">\n\t\t\t<div class=\"elementor-widget-wrap elementor-element-populated\">\n\t\t\t\t\t\t\t\t<div class=\"elementor-element elementor-element-5e53228 elementor-widget elementor-widget-image\" data-id=\"5e53228\" data-element_type=\"widget\" data-widget_type=\"image.default\">\n\t\t\t\t<div class=\"elementor-widget-container\">\n\t\t\t\t\t\t\t\t\t\t\t\t\t\t\t<img loading=\"lazy\" decoding=\"async\" width=\"270\" height=\"238\" src=\"https:\/\/chambresdhotesduchateau.com\/wp-content\/uploads\/2023\/02\/Sans-titre-5.png\" class=\"attachment-full size-full wp-image-3132\" alt=\"\" srcset=\"https:\/\/chambresdhotesduchateau.com\/wp-content\/uploads\/2023\/02\/Sans-titre-5.png 270w, https:\/\/chambresdhotesduchateau.com\/wp-content\/uploads\/2023\/02\/Sans-titre-5-192x169.png 192w, https:\/\/chambresdhotesduchateau.com\/wp-content\/uploads\/2023\/02\/Sans-titre-5-119x105.png 119w\" sizes=\"auto, (max-width: 270px) 100vw, 270px\" \/>\t\t\t\t\t\t\t\t\t\t\t\t\t\t\t<\/div>\n\t\t\t\t<\/div>\n\t\t\t\t\t<\/div>\n\t\t<\/div>\n\t\t\t\t\t\t\t<\/div>\n\t\t<\/section>\n\t\t\t\t<div class=\"elementor-element elementor-element-1d4233b elementor-widget elementor-widget-spacer\" data-id=\"1d4233b\" data-element_type=\"widget\" data-widget_type=\"spacer.default\">\n\t\t\t\t<div class=\"elementor-widget-container\">\n\t\t\t<style>\/*! elementor - v3.10.2 - 29-01-2023 *\/\n.elementor-column .elementor-spacer-inner{height:var(--spacer-size)}.e-con{--container-widget-width:100%}.e-con-inner>.elementor-widget-spacer,.e-con>.elementor-widget-spacer{width:var(--container-widget-width,var(--spacer-size));--align-self:var(--container-widget-align-self,initial);--flex-shrink:0}.e-con-inner>.elementor-widget-spacer>.elementor-widget-container,.e-con-inner>.elementor-widget-spacer>.elementor-widget-container>.elementor-spacer,.e-con>.elementor-widget-spacer>.elementor-widget-container,.e-con>.elementor-widget-spacer>.elementor-widget-container>.elementor-spacer{height:100%}.e-con-inner>.elementor-widget-spacer>.elementor-widget-container>.elementor-spacer>.elementor-spacer-inner,.e-con>.elementor-widget-spacer>.elementor-widget-container>.elementor-spacer>.elementor-spacer-inner{height:var(--container-widget-height,var(--spacer-size))}<\/style>\t\t<div class=\"elementor-spacer\">\n\t\t\t<div class=\"elementor-spacer-inner\"><\/div>\n\t\t<\/div>\n\t\t\t\t<\/div>\n\t\t\t\t<\/div>\n\t\t\t\t<div class=\"elementor-element elementor-element-2648971 elementor-widget elementor-widget-text-editor\" data-id=\"2648971\" data-element_type=\"widget\" data-widget_type=\"text-editor.default\">\n\t\t\t\t<div class=\"elementor-widget-container\">\n\t\t\t<style>\/*! elementor - v3.10.2 - 29-01-2023 *\/\n.elementor-widget-text-editor.elementor-drop-cap-view-stacked .elementor-drop-cap{background-color:#818a91;color:#fff}.elementor-widget-text-editor.elementor-drop-cap-view-framed .elementor-drop-cap{color:#818a91;border:3px solid;background-color:transparent}.elementor-widget-text-editor:not(.elementor-drop-cap-view-default) .elementor-drop-cap{margin-top:8px}.elementor-widget-text-editor:not(.elementor-drop-cap-view-default) .elementor-drop-cap-letter{width:1em;height:1em}.elementor-widget-text-editor .elementor-drop-cap{float:left;text-align:center;line-height:1;font-size:50px}.elementor-widget-text-editor .elementor-drop-cap-letter{display:inline-block}<\/style>\t\t\t\t<h6>Un service de petit d\u00e9jeuner \u00e0 la chambre peut \u00eatre mis en place pour un suppl\u00e9ment de 5\u20ac<\/h6>\t\t\t\t\t\t<\/div>\n\t\t\t\t<\/div>\n\t\t\t\t\t<\/div>\n\t\t<\/div>\n\t\t\t\t<div class=\"elementor-column elementor-col-50 elementor-top-column elementor-element elementor-element-abaabce\" data-id=\"abaabce\" data-element_type=\"column\">\n\t\t\t<div class=\"elementor-widget-wrap elementor-element-populated\">\n\t\t\t\t\t\t\t\t<section class=\"elementor-section elementor-inner-section elementor-element elementor-element-e031e4c elementor-section-full_width elementor-section-height-default elementor-section-height-default wpr-particle-no wpr-jarallax-no wpr-parallax-no wpr-sticky-section-no\" data-id=\"e031e4c\" data-element_type=\"section\">\n\t\t\t\t\t\t<div class=\"elementor-container elementor-column-gap-default\">\n\t\t\t\t\t<div class=\"elementor-column elementor-col-100 elementor-inner-column elementor-element elementor-element-f3f6715\" data-id=\"f3f6715\" data-element_type=\"column\">\n\t\t\t<div class=\"elementor-widget-wrap elementor-element-populated\">\n\t\t\t\t\t\t\t\t<div class=\"elementor-element elementor-element-cb417ee elementor-widget elementor-widget-text-editor\" data-id=\"cb417ee\" data-element_type=\"widget\" data-widget_type=\"text-editor.default\">\n\t\t\t\t<div class=\"elementor-widget-container\">\n\t\t\t\t\t\t\t<h2>Un buffet fa\u00e7on continentale<\/h2><h5>Tout bonheur commence par un petit d\u00e9jeuner tranquille,<\/h5><p>Pour bien commencer la journ\u00e9e, profitez d\u2019un petit d\u00e9jeuner continental riche en produits locaux.<\/p><p>Nous vous accueillons chaque matin dans notre salle de petit-d\u00e9jeuner. L\u2019\u00e9t\u00e9, il vous est possible de savourer votre petit-d\u00e9jeuner au c\u0153ur de notre cour int\u00e9rieur et profiter du doux bruit de notre fontaine.<\/p>\t\t\t\t\t\t<\/div>\n\t\t\t\t<\/div>\n\t\t\t\t<div class=\"elementor-element elementor-element-0ce76f0 elementor-widget elementor-widget-text-editor\" data-id=\"0ce76f0\" data-element_type=\"widget\" data-widget_type=\"text-editor.default\">\n\t\t\t\t<div class=\"elementor-widget-container\">\n\t\t\t\t\t\t\t<h5>Pour vous :<\/h5><ul><li>Boissons chaudes (caf\u00e9, th\u00e9s, chocolat, infusions..)<\/li><li>Jus de fruits au choix<\/li><li>Assortiments de viennoiseries (croissants, pains aux chocolats&#8230;)<\/li><li>Pains ( tradition, campagne et c\u00e9r\u00e9ales)<\/li><li>C\u00e9r\u00e9ales<\/li><li>Yaourts nature et aux fruits<\/li><li>Confitures maison, Miel, P\u00e2te \u00e0 tartiner<\/li><li>Fromage de la r\u00e9gion<\/li><li>Fromage Blanc<\/li><li>Fruits frais&#8230;<\/li><\/ul>\t\t\t\t\t\t<\/div>\n\t\t\t\t<\/div>\n\t\t\t\t<div class=\"elementor-element elementor-element-78ba0ea elementor-widget__width-initial elementor-widget elementor-widget-dropdown_toggle\" data-id=\"78ba0ea\" data-element_type=\"widget\" data-widget_type=\"dropdown_toggle.default\">\n\t\t\t\t<div class=\"elementor-widget-container\">\n\t\t\t<div class=\"dropdown-toggle-area\">\n\t<div class=\"dropdown\">\n\t\t<button class=\"btn btn-primary btn-light dropdown-toggle\" data-toggle=\"dropdown\">\n\t\t<i aria-hidden=\"true\" class=\"icon-time\"><\/i>Horaire\t\t<\/button>\n\t\t<div class=\"dropdown-menu dropdown-info dropdown-form\">\n\t\t\t\t\t\t<p>\n\t\t<table class=\"table-striped w-100\">\n<tbody>\n<tr>\n<td class=\"pl-6\">Tous les jours <\/td>\n<td>08h30 \u00e0 10h00<\/td>\n<\/tr>\n\n<\/tbody>\n<\/table>\t\t\t\t<\/p>\n\t\t\t\t<\/div>\n\t<\/div>\n<\/div>\n\t\t\t\t<\/div>\n\t\t\t\t<\/div>\n\t\t\t\t\t<\/div>\n\t\t<\/div>\n\t\t\t\t\t\t\t<\/div>\n\t\t<\/section>\n\t\t\t\t\t<\/div>\n\t\t<\/div>\n\t\t\t\t\t\t\t<\/div>\n\t\t<\/section>\n\t\t\t\t\t\t\t<\/div>\n\t\t","protected":false},"excerpt":{"rendered":"<p>Un service de petit d\u00e9jeuner \u00e0 la chambre peut \u00eatre mis en place pour un suppl\u00e9ment de 5\u20ac Un buffet fa\u00e7on continentale Tout bonheur commence par un petit d\u00e9jeuner tranquille, Pour bien commencer la journ\u00e9e, profitez d\u2019un petit d\u00e9jeuner continental riche en produits locaux. Nous vous accueillons chaque matin dans notre salle de petit-d\u00e9jeuner. L\u2019\u00e9t\u00e9,<\/p>\n","protected":false},"author":1,"featured_media":0,"parent":0,"menu_order":0,"comment_status":"closed","ping_status":"closed","template":"","meta":{"footnotes":""},"class_list":["post-1986","page","type-page","status-publish","hentry"],"yoast_head":"<!-- This site is optimized with the Yoast SEO plugin v20.1 - https:\/\/yoast.com\/wordpress\/plugins\/seo\/ -->\n<title>Petit-D\u00e9jeuner - Chambres d&#039;H\u00f4tes du Ch\u00e2teau<\/title>\n<meta name=\"robots\" content=\"index, follow, max-snippet:-1, max-image-preview:large, max-video-preview:-1\" \/>\n<link rel=\"canonical\" href=\"https:\/\/chambresdhotesduchateau.com\/?page_id=1986\" \/>\n<meta property=\"og:locale\" content=\"fr_FR\" \/>\n<meta property=\"og:type\" content=\"article\" \/>\n<meta property=\"og:title\" content=\"Petit-D\u00e9jeuner - Chambres d&#039;H\u00f4tes du Ch\u00e2teau\" \/>\n<meta property=\"og:description\" content=\"Un service de petit d\u00e9jeuner \u00e0 la chambre peut \u00eatre mis en place pour un suppl\u00e9ment de 5\u20ac Un buffet fa\u00e7on continentale Tout bonheur commence par un petit d\u00e9jeuner tranquille, Pour bien commencer la journ\u00e9e, profitez d\u2019un petit d\u00e9jeuner continental riche en produits locaux. Nous vous accueillons chaque matin dans notre salle de petit-d\u00e9jeuner. L\u2019\u00e9t\u00e9,\" \/>\n<meta property=\"og:url\" content=\"https:\/\/chambresdhotesduchateau.com\/?page_id=1986\" \/>\n<meta property=\"og:site_name\" content=\"Chambres d&#039;H\u00f4tes du Ch\u00e2teau\" \/>\n<meta property=\"article:publisher\" content=\"https:\/\/www.facebook.com\/ChambresdHotesduChateau\/\" \/>\n<meta property=\"article:modified_time\" content=\"2023-02-15T10:13:58+00:00\" \/>\n<meta property=\"og:image\" content=\"http:\/\/chambresdhotesduchateau.com\/wp-content\/uploads\/2023\/02\/Sans-titre-2.png\" \/>\n<meta name=\"twitter:card\" content=\"summary_large_image\" \/>\n<meta name=\"twitter:label1\" content=\"Dur\u00e9e de lecture estim\u00e9e\" \/>\n\t<meta name=\"twitter:data1\" content=\"2 minutes\" \/>\n<script type=\"application\/ld+json\" class=\"yoast-schema-graph\">{\"@context\":\"https:\/\/schema.org\",\"@graph\":[{\"@type\":\"WebPage\",\"@id\":\"https:\/\/chambresdhotesduchateau.com\/?page_id=1986\",\"url\":\"https:\/\/chambresdhotesduchateau.com\/?page_id=1986\",\"name\":\"Petit-D\u00e9jeuner - Chambres d&#039;H\u00f4tes du Ch\u00e2teau\",\"isPartOf\":{\"@id\":\"https:\/\/chambresdhotesduchateau.com\/#website\"},\"datePublished\":\"2020-06-19T07:46:47+00:00\",\"dateModified\":\"2023-02-15T10:13:58+00:00\",\"breadcrumb\":{\"@id\":\"https:\/\/chambresdhotesduchateau.com\/?page_id=1986#breadcrumb\"},\"inLanguage\":\"fr-FR\",\"potentialAction\":[{\"@type\":\"ReadAction\",\"target\":[\"https:\/\/chambresdhotesduchateau.com\/?page_id=1986\"]}]},{\"@type\":\"BreadcrumbList\",\"@id\":\"https:\/\/chambresdhotesduchateau.com\/?page_id=1986#breadcrumb\",\"itemListElement\":[{\"@type\":\"ListItem\",\"position\":1,\"name\":\"Accueil\",\"item\":\"https:\/\/chambresdhotesduchateau.com\/\"},{\"@type\":\"ListItem\",\"position\":2,\"name\":\"Petit-D\u00e9jeuner\"}]},{\"@type\":\"WebSite\",\"@id\":\"https:\/\/chambresdhotesduchateau.com\/#website\",\"url\":\"https:\/\/chambresdhotesduchateau.com\/\",\"name\":\"Chambres d'H\u00f4tes du Ch\u00e2teau\",\"description\":\"Boulogne-sur-Mer\",\"publisher\":{\"@id\":\"https:\/\/chambresdhotesduchateau.com\/#organization\"},\"potentialAction\":[{\"@type\":\"SearchAction\",\"target\":{\"@type\":\"EntryPoint\",\"urlTemplate\":\"https:\/\/chambresdhotesduchateau.com\/?s={search_term_string}\"},\"query-input\":\"required name=search_term_string\"}],\"inLanguage\":\"fr-FR\"},{\"@type\":\"Organization\",\"@id\":\"https:\/\/chambresdhotesduchateau.com\/#organization\",\"name\":\"Chambres d'H\u00f4tes du Ch\u00e2teau\",\"url\":\"https:\/\/chambresdhotesduchateau.com\/\",\"logo\":{\"@type\":\"ImageObject\",\"inLanguage\":\"fr-FR\",\"@id\":\"https:\/\/chambresdhotesduchateau.com\/#\/schema\/logo\/image\/\",\"url\":\"https:\/\/chambresdhotesduchateau.com\/wp-content\/uploads\/2022\/12\/logo-cdc-2.png\",\"contentUrl\":\"https:\/\/chambresdhotesduchateau.com\/wp-content\/uploads\/2022\/12\/logo-cdc-2.png\",\"width\":482,\"height\":246,\"caption\":\"Chambres d'H\u00f4tes du Ch\u00e2teau\"},\"image\":{\"@id\":\"https:\/\/chambresdhotesduchateau.com\/#\/schema\/logo\/image\/\"},\"sameAs\":[\"https:\/\/www.facebook.com\/ChambresdHotesduChateau\/\"]}]}<\/script>\n<!-- \/ Yoast SEO plugin. -->","yoast_head_json":{"title":"Petit-D\u00e9jeuner - Chambres d&#039;H\u00f4tes du Ch\u00e2teau","robots":{"index":"index","follow":"follow","max-snippet":"max-snippet:-1","max-image-preview":"max-image-preview:large","max-video-preview":"max-video-preview:-1"},"canonical":"https:\/\/chambresdhotesduchateau.com\/?page_id=1986","og_locale":"fr_FR","og_type":"article","og_title":"Petit-D\u00e9jeuner - Chambres d&#039;H\u00f4tes du Ch\u00e2teau","og_description":"Un service de petit d\u00e9jeuner \u00e0 la chambre peut \u00eatre mis en place pour un suppl\u00e9ment de 5\u20ac Un buffet fa\u00e7on continentale Tout bonheur commence par un petit d\u00e9jeuner tranquille, Pour bien commencer la journ\u00e9e, profitez d\u2019un petit d\u00e9jeuner continental riche en produits locaux. Nous vous accueillons chaque matin dans notre salle de petit-d\u00e9jeuner. L\u2019\u00e9t\u00e9,","og_url":"https:\/\/chambresdhotesduchateau.com\/?page_id=1986","og_site_name":"Chambres d&#039;H\u00f4tes du Ch\u00e2teau","article_publisher":"https:\/\/www.facebook.com\/ChambresdHotesduChateau\/","article_modified_time":"2023-02-15T10:13:58+00:00","og_image":[{"url":"http:\/\/chambresdhotesduchateau.com\/wp-content\/uploads\/2023\/02\/Sans-titre-2.png"}],"twitter_card":"summary_large_image","twitter_misc":{"Dur\u00e9e de lecture estim\u00e9e":"2 minutes"},"schema":{"@context":"https:\/\/schema.org","@graph":[{"@type":"WebPage","@id":"https:\/\/chambresdhotesduchateau.com\/?page_id=1986","url":"https:\/\/chambresdhotesduchateau.com\/?page_id=1986","name":"Petit-D\u00e9jeuner - Chambres d&#039;H\u00f4tes du Ch\u00e2teau","isPartOf":{"@id":"https:\/\/chambresdhotesduchateau.com\/#website"},"datePublished":"2020-06-19T07:46:47+00:00","dateModified":"2023-02-15T10:13:58+00:00","breadcrumb":{"@id":"https:\/\/chambresdhotesduchateau.com\/?page_id=1986#breadcrumb"},"inLanguage":"fr-FR","potentialAction":[{"@type":"ReadAction","target":["https:\/\/chambresdhotesduchateau.com\/?page_id=1986"]}]},{"@type":"BreadcrumbList","@id":"https:\/\/chambresdhotesduchateau.com\/?page_id=1986#breadcrumb","itemListElement":[{"@type":"ListItem","position":1,"name":"Accueil","item":"https:\/\/chambresdhotesduchateau.com\/"},{"@type":"ListItem","position":2,"name":"Petit-D\u00e9jeuner"}]},{"@type":"WebSite","@id":"https:\/\/chambresdhotesduchateau.com\/#website","url":"https:\/\/chambresdhotesduchateau.com\/","name":"Chambres d'H\u00f4tes du Ch\u00e2teau","description":"Boulogne-sur-Mer","publisher":{"@id":"https:\/\/chambresdhotesduchateau.com\/#organization"},"potentialAction":[{"@type":"SearchAction","target":{"@type":"EntryPoint","urlTemplate":"https:\/\/chambresdhotesduchateau.com\/?s={search_term_string}"},"query-input":"required name=search_term_string"}],"inLanguage":"fr-FR"},{"@type":"Organization","@id":"https:\/\/chambresdhotesduchateau.com\/#organization","name":"Chambres d'H\u00f4tes du Ch\u00e2teau","url":"https:\/\/chambresdhotesduchateau.com\/","logo":{"@type":"ImageObject","inLanguage":"fr-FR","@id":"https:\/\/chambresdhotesduchateau.com\/#\/schema\/logo\/image\/","url":"https:\/\/chambresdhotesduchateau.com\/wp-content\/uploads\/2022\/12\/logo-cdc-2.png","contentUrl":"https:\/\/chambresdhotesduchateau.com\/wp-content\/uploads\/2022\/12\/logo-cdc-2.png","width":482,"height":246,"caption":"Chambres d'H\u00f4tes du Ch\u00e2teau"},"image":{"@id":"https:\/\/chambresdhotesduchateau.com\/#\/schema\/logo\/image\/"},"sameAs":["https:\/\/www.facebook.com\/ChambresdHotesduChateau\/"]}]}},"_links":{"self":[{"href":"https:\/\/chambresdhotesduchateau.com\/index.php?rest_route=\/wp\/v2\/pages\/1986","targetHints":{"allow":["GET"]}}],"collection":[{"href":"https:\/\/chambresdhotesduchateau.com\/index.php?rest_route=\/wp\/v2\/pages"}],"about":[{"href":"https:\/\/chambresdhotesduchateau.com\/index.php?rest_route=\/wp\/v2\/types\/page"}],"author":[{"embeddable":true,"href":"https:\/\/chambresdhotesduchateau.com\/index.php?rest_route=\/wp\/v2\/users\/1"}],"replies":[{"embeddable":true,"href":"https:\/\/chambresdhotesduchateau.com\/index.php?rest_route=%2Fwp%2Fv2%2Fcomments&post=1986"}],"version-history":[{"count":13,"href":"https:\/\/chambresdhotesduchateau.com\/index.php?rest_route=\/wp\/v2\/pages\/1986\/revisions"}],"predecessor-version":[{"id":3705,"href":"https:\/\/chambresdhotesduchateau.com\/index.php?rest_route=\/wp\/v2\/pages\/1986\/revisions\/3705"}],"wp:attachment":[{"href":"https:\/\/chambresdhotesduchateau.com\/index.php?rest_route=%2Fwp%2Fv2%2Fmedia&parent=1986"}],"curies":[{"name":"wp","href":"https:\/\/api.w.org\/{rel}","templated":true}]}}