{"id":1928,"date":"2020-06-19T05:58:55","date_gmt":"2020-06-19T05:58:55","guid":{"rendered":"https:\/\/smartdata.tonytemplates.com\/bestel\/demo3\/?page_id=1928"},"modified":"2023-08-08T21:12:06","modified_gmt":"2023-08-08T19:12:06","slug":"spa","status":"publish","type":"page","link":"https:\/\/chambresdhotesduchateau.com\/?page_id=1928","title":{"rendered":"Piscine"},"content":{"rendered":"\t\t<div data-elementor-type=\"wp-page\" data-elementor-id=\"1928\" class=\"elementor elementor-1928\">\n\t\t\t\t\t\t\t\t\t<section class=\"elementor-section elementor-top-section elementor-element elementor-element-7a8920a elementor-section-stretched elementor-section-boxed elementor-section-height-default elementor-section-height-default wpr-particle-no wpr-jarallax-no wpr-parallax-no wpr-sticky-section-no\" data-id=\"7a8920a\" data-element_type=\"section\" data-settings=\"{&quot;stretch_section&quot;:&quot;section-stretched&quot;}\">\n\t\t\t\t\t\t<div class=\"elementor-container elementor-column-gap-no\">\n\t\t\t\t\t<div class=\"elementor-column elementor-col-100 elementor-top-column elementor-element elementor-element-df4e57d\" data-id=\"df4e57d\" data-element_type=\"column\">\n\t\t\t<div class=\"elementor-widget-wrap elementor-element-populated\">\n\t\t\t\t\t\t\t\t<section class=\"elementor-section elementor-inner-section elementor-element elementor-element-f6ff764 elementor-section-full_width elementor-section-height-default elementor-section-height-default wpr-particle-no wpr-jarallax-no wpr-parallax-no wpr-sticky-section-no\" data-id=\"f6ff764\" data-element_type=\"section\">\n\t\t\t\t\t\t<div class=\"elementor-container elementor-column-gap-default\">\n\t\t\t\t\t<div class=\"elementor-column elementor-col-100 elementor-inner-column elementor-element elementor-element-74d9c37\" data-id=\"74d9c37\" data-element_type=\"column\">\n\t\t\t<div class=\"elementor-widget-wrap elementor-element-populated\">\n\t\t\t\t\t\t\t\t<div class=\"elementor-element elementor-element-d7bb268 elementor-widget elementor-widget-slick_single_slider\" data-id=\"d7bb268\" data-element_type=\"widget\" data-widget_type=\"slick_single_slider.default\">\n\t\t\t\t<div class=\"elementor-widget-container\">\n\t\t\t\t\t\t<ul class=\"slider-single list-unstyled js-slider-single\">\n\t\t\t\t\t\t<li><img decoding=\"async\" src=\"https:\/\/chambresdhotesduchateau.com\/wp-content\/uploads\/2022\/12\/lala-scaled.jpg\"><\/li>\n\t\t\t\t\t\t<li><img decoding=\"async\" src=\"https:\/\/chambresdhotesduchateau.com\/wp-content\/uploads\/2023\/02\/Sans-titre-1.png\"><\/li>\n\t\t\t\t\t<\/ul>\n\t\t\n\t\t\n\t\t\t\t<\/div>\n\t\t\t\t<\/div>\n\t\t\t\t\t<\/div>\n\t\t<\/div>\n\t\t\t\t\t\t\t<\/div>\n\t\t<\/section>\n\t\t\t\t\t<\/div>\n\t\t<\/div>\n\t\t\t\t\t\t\t<\/div>\n\t\t<\/section>\n\t\t\t\t<section class=\"elementor-section elementor-top-section elementor-element elementor-element-d1f4000 elementor-section-stretched elementor-section-boxed elementor-section-height-default elementor-section-height-default wpr-particle-no wpr-jarallax-no wpr-parallax-no wpr-sticky-section-no\" data-id=\"d1f4000\" data-element_type=\"section\" data-settings=\"{&quot;stretch_section&quot;:&quot;section-stretched&quot;}\">\n\t\t\t\t\t\t<div class=\"elementor-container elementor-column-gap-no\">\n\t\t\t\t\t<div class=\"elementor-column elementor-col-50 elementor-top-column elementor-element elementor-element-d9d9b0d\" data-id=\"d9d9b0d\" data-element_type=\"column\">\n\t\t\t<div class=\"elementor-widget-wrap elementor-element-populated\">\n\t\t\t\t\t\t\t\t<section class=\"elementor-section elementor-inner-section elementor-element elementor-element-27e5045 elementor-section-full_width elementor-section-height-default elementor-section-height-default wpr-particle-no wpr-jarallax-no wpr-parallax-no wpr-sticky-section-no\" data-id=\"27e5045\" data-element_type=\"section\">\n\t\t\t\t\t\t<div class=\"elementor-container elementor-column-gap-default\">\n\t\t\t\t\t<div class=\"elementor-column elementor-col-100 elementor-inner-column elementor-element elementor-element-d45012b\" data-id=\"d45012b\" data-element_type=\"column\">\n\t\t\t<div class=\"elementor-widget-wrap elementor-element-populated\">\n\t\t\t\t\t\t\t\t<div class=\"elementor-element elementor-element-4ef8e2d elementor-widget elementor-widget-spacer\" data-id=\"4ef8e2d\" data-element_type=\"widget\" data-widget_type=\"spacer.default\">\n\t\t\t\t<div class=\"elementor-widget-container\">\n\t\t\t<style>\/*! elementor - v3.10.2 - 29-01-2023 *\/\n.elementor-column .elementor-spacer-inner{height:var(--spacer-size)}.e-con{--container-widget-width:100%}.e-con-inner>.elementor-widget-spacer,.e-con>.elementor-widget-spacer{width:var(--container-widget-width,var(--spacer-size));--align-self:var(--container-widget-align-self,initial);--flex-shrink:0}.e-con-inner>.elementor-widget-spacer>.elementor-widget-container,.e-con-inner>.elementor-widget-spacer>.elementor-widget-container>.elementor-spacer,.e-con>.elementor-widget-spacer>.elementor-widget-container,.e-con>.elementor-widget-spacer>.elementor-widget-container>.elementor-spacer{height:100%}.e-con-inner>.elementor-widget-spacer>.elementor-widget-container>.elementor-spacer>.elementor-spacer-inner,.e-con>.elementor-widget-spacer>.elementor-widget-container>.elementor-spacer>.elementor-spacer-inner{height:var(--container-widget-height,var(--spacer-size))}<\/style>\t\t<div class=\"elementor-spacer\">\n\t\t\t<div class=\"elementor-spacer-inner\"><\/div>\n\t\t<\/div>\n\t\t\t\t<\/div>\n\t\t\t\t<\/div>\n\t\t\t\t<div class=\"elementor-element elementor-element-d6ba9db elementor-widget elementor-widget-text-editor\" data-id=\"d6ba9db\" data-element_type=\"widget\" data-widget_type=\"text-editor.default\">\n\t\t\t\t<div class=\"elementor-widget-container\">\n\t\t\t<style>\/*! elementor - v3.10.2 - 29-01-2023 *\/\n.elementor-widget-text-editor.elementor-drop-cap-view-stacked .elementor-drop-cap{background-color:#818a91;color:#fff}.elementor-widget-text-editor.elementor-drop-cap-view-framed .elementor-drop-cap{color:#818a91;border:3px solid;background-color:transparent}.elementor-widget-text-editor:not(.elementor-drop-cap-view-default) .elementor-drop-cap{margin-top:8px}.elementor-widget-text-editor:not(.elementor-drop-cap-view-default) .elementor-drop-cap-letter{width:1em;height:1em}.elementor-widget-text-editor .elementor-drop-cap{float:left;text-align:center;line-height:1;font-size:50px}.elementor-widget-text-editor .elementor-drop-cap-letter{display:inline-block}<\/style>\t\t\t\t<h2>Le bassin int\u00e9rieur pour nos invit\u00e9s\u00a0<\/h2><h5>D\u00e9tente et relaxation,<\/h5><p>Disponible toute l\u2019ann\u00e9e, situ\u00e9e \u00e0 l\u2019int\u00e9rieur d\u2019une magnifique cave vout\u00e9e datant de la fin du XVII si\u00e8cle, le bassin d\u2019int\u00e9rieur de 2,50m sur 3,50m, vous offre une temp\u00e9rature id\u00e9ale \u00e0 32\u00b0, ainsi qu\u2019une banquette fa\u00e7on jacuzzi et son \u00e9clairage d\u2019ambiance. Elle vous procure une sensation de d\u00e9tente en couple ou en famille.<\/p><h5>Caract\u00e9ristiques de l&#8217;espace ::<\/h5><ul><li>Privatif 1 heure par chambres. (suppl\u00e9ment de 20\u20ac\/chambre)\u00a0<\/li><li>Ouverte toute l&#8217;ann\u00e9e de\u00a0 <b><i>17h30 <\/i><\/b><i>\u00e0<\/i><b><i> 22h00 <\/i><\/b><i>et de<\/i><b><i> 08h30 <\/i><\/b><i>\u00e0<\/i><b><i> 10h00<\/i><\/b><i>.<\/i><\/li><li>Temp\u00e9rature de l&#8217;eau toute l&#8217;ann\u00e9e : <strong>32\u00b0C<\/strong>.\u00a0<\/li><li>Enceinte Bluetooth \u00e0 votre disposition.<\/li><li>Des peignoirs de bain sont disponibles au tarif de 5\u20ac\/personne<\/li><\/ul><p>Veuillez appeler le 07 50 94 04 23 ou envoyer un courriel \u00e0 giteduchateau62200@gmail.com pour r\u00e9server votre cr\u00e9neau.<\/p><p>Les r\u00e9servations \u00e0 l&#8217;avance sont recommand\u00e9es.<\/p><div><div>\u00a0<\/div><\/div>\t\t\t\t\t\t<\/div>\n\t\t\t\t<\/div>\n\t\t\t\t\t<\/div>\n\t\t<\/div>\n\t\t\t\t\t\t\t<\/div>\n\t\t<\/section>\n\t\t\t\t\t<\/div>\n\t\t<\/div>\n\t\t\t\t<div class=\"elementor-column elementor-col-50 elementor-top-column elementor-element elementor-element-c266c7e\" data-id=\"c266c7e\" data-element_type=\"column\">\n\t\t\t<div class=\"elementor-widget-wrap elementor-element-populated\">\n\t\t\t\t\t\t\t\t<section class=\"elementor-section elementor-inner-section elementor-element elementor-element-d1aa3aa elementor-section-full_width elementor-section-height-default elementor-section-height-default wpr-particle-no wpr-jarallax-no wpr-parallax-no wpr-sticky-section-no\" data-id=\"d1aa3aa\" data-element_type=\"section\">\n\t\t\t\t\t\t<div class=\"elementor-container elementor-column-gap-default\">\n\t\t\t\t\t<div class=\"elementor-column elementor-col-100 elementor-inner-column elementor-element elementor-element-c254046\" data-id=\"c254046\" data-element_type=\"column\">\n\t\t\t<div class=\"elementor-widget-wrap\">\n\t\t\t\t\t\t\t\t\t<\/div>\n\t\t<\/div>\n\t\t\t\t\t\t\t<\/div>\n\t\t<\/section>\n\t\t\t\t<div class=\"elementor-element elementor-element-597cf32 elementor-widget elementor-widget-image\" data-id=\"597cf32\" data-element_type=\"widget\" data-widget_type=\"image.default\">\n\t\t\t\t<div class=\"elementor-widget-container\">\n\t\t\t<style>\/*! elementor - v3.10.2 - 29-01-2023 *\/\n.elementor-widget-image{text-align:center}.elementor-widget-image a{display:inline-block}.elementor-widget-image a img[src$=\".svg\"]{width:48px}.elementor-widget-image img{vertical-align:middle;display:inline-block}<\/style>\t\t\t\t\t\t\t\t\t\t\t\t<img loading=\"lazy\" decoding=\"async\" width=\"640\" height=\"1093\" src=\"https:\/\/chambresdhotesduchateau.com\/wp-content\/uploads\/2023\/02\/AdobeStock_305646022-768x1312.png\" class=\"attachment-medium_large size-medium_large wp-image-3123\" alt=\"\" srcset=\"https:\/\/chambresdhotesduchateau.com\/wp-content\/uploads\/2023\/02\/AdobeStock_305646022-768x1312.png 768w, https:\/\/chambresdhotesduchateau.com\/wp-content\/uploads\/2023\/02\/AdobeStock_305646022-176x300.png 176w, https:\/\/chambresdhotesduchateau.com\/wp-content\/uploads\/2023\/02\/AdobeStock_305646022-600x1024.png 600w, https:\/\/chambresdhotesduchateau.com\/wp-content\/uploads\/2023\/02\/AdobeStock_305646022-899x1536.png 899w, https:\/\/chambresdhotesduchateau.com\/wp-content\/uploads\/2023\/02\/AdobeStock_305646022-1199x2048.png 1199w, https:\/\/chambresdhotesduchateau.com\/wp-content\/uploads\/2023\/02\/AdobeStock_305646022-330x563.png 330w, https:\/\/chambresdhotesduchateau.com\/wp-content\/uploads\/2023\/02\/AdobeStock_305646022-182x310.png 182w, https:\/\/chambresdhotesduchateau.com\/wp-content\/uploads\/2023\/02\/AdobeStock_305646022-140x239.png 140w, https:\/\/chambresdhotesduchateau.com\/wp-content\/uploads\/2023\/02\/AdobeStock_305646022-99x169.png 99w, https:\/\/chambresdhotesduchateau.com\/wp-content\/uploads\/2023\/02\/AdobeStock_305646022-276x472.png 276w, https:\/\/chambresdhotesduchateau.com\/wp-content\/uploads\/2023\/02\/AdobeStock_305646022-261x445.png 261w, https:\/\/chambresdhotesduchateau.com\/wp-content\/uploads\/2023\/02\/AdobeStock_305646022-61x105.png 61w\" sizes=\"auto, (max-width: 640px) 100vw, 640px\" \/>\t\t\t\t\t\t\t\t\t\t\t\t\t\t\t<\/div>\n\t\t\t\t<\/div>\n\t\t\t\t\t<\/div>\n\t\t<\/div>\n\t\t\t\t\t\t\t<\/div>\n\t\t<\/section>\n\t\t\t\t\t\t\t<\/div>\n\t\t","protected":false},"excerpt":{"rendered":"<p>Le bassin int\u00e9rieur pour nos invit\u00e9s\u00a0 D\u00e9tente et relaxation, Disponible toute l\u2019ann\u00e9e, situ\u00e9e \u00e0 l\u2019int\u00e9rieur d\u2019une magnifique cave vout\u00e9e datant de la fin du XVII si\u00e8cle, le bassin d\u2019int\u00e9rieur de 2,50m sur 3,50m, vous offre une temp\u00e9rature id\u00e9ale \u00e0 32\u00b0, ainsi qu\u2019une banquette fa\u00e7on jacuzzi et son \u00e9clairage d\u2019ambiance. Elle vous procure une sensation de<\/p>\n","protected":false},"author":1,"featured_media":0,"parent":0,"menu_order":0,"comment_status":"closed","ping_status":"closed","template":"","meta":{"footnotes":""},"class_list":["post-1928","page","type-page","status-publish","hentry"],"yoast_head":"<!-- This site is optimized with the Yoast SEO plugin v20.1 - https:\/\/yoast.com\/wordpress\/plugins\/seo\/ -->\n<title>Piscine - Chambres d&#039;H\u00f4tes du Ch\u00e2teau<\/title>\n<meta name=\"robots\" content=\"index, follow, max-snippet:-1, max-image-preview:large, max-video-preview:-1\" \/>\n<link rel=\"canonical\" href=\"https:\/\/chambresdhotesduchateau.com\/?page_id=1928\" \/>\n<meta property=\"og:locale\" content=\"fr_FR\" \/>\n<meta property=\"og:type\" content=\"article\" \/>\n<meta property=\"og:title\" content=\"Piscine - Chambres d&#039;H\u00f4tes du Ch\u00e2teau\" \/>\n<meta property=\"og:description\" content=\"Le bassin int\u00e9rieur pour nos invit\u00e9s\u00a0 D\u00e9tente et relaxation, Disponible toute l\u2019ann\u00e9e, situ\u00e9e \u00e0 l\u2019int\u00e9rieur d\u2019une magnifique cave vout\u00e9e datant de la fin du XVII si\u00e8cle, le bassin d\u2019int\u00e9rieur de 2,50m sur 3,50m, vous offre une temp\u00e9rature id\u00e9ale \u00e0 32\u00b0, ainsi qu\u2019une banquette fa\u00e7on jacuzzi et son \u00e9clairage d\u2019ambiance. Elle vous procure une sensation de\" \/>\n<meta property=\"og:url\" content=\"https:\/\/chambresdhotesduchateau.com\/?page_id=1928\" \/>\n<meta property=\"og:site_name\" content=\"Chambres d&#039;H\u00f4tes du Ch\u00e2teau\" \/>\n<meta property=\"article:publisher\" content=\"https:\/\/www.facebook.com\/ChambresdHotesduChateau\/\" \/>\n<meta property=\"article:modified_time\" content=\"2023-08-08T19:12:06+00:00\" \/>\n<meta property=\"og:image\" content=\"http:\/\/chambresdhotesduchateau.com\/wp-content\/uploads\/2022\/12\/lala-scaled.jpg\" \/>\n<meta name=\"twitter:card\" content=\"summary_large_image\" \/>\n<meta name=\"twitter:label1\" content=\"Dur\u00e9e de lecture estim\u00e9e\" \/>\n\t<meta name=\"twitter:data1\" content=\"2 minutes\" \/>\n<script type=\"application\/ld+json\" class=\"yoast-schema-graph\">{\"@context\":\"https:\/\/schema.org\",\"@graph\":[{\"@type\":\"WebPage\",\"@id\":\"https:\/\/chambresdhotesduchateau.com\/?page_id=1928\",\"url\":\"https:\/\/chambresdhotesduchateau.com\/?page_id=1928\",\"name\":\"Piscine - Chambres d&#039;H\u00f4tes du Ch\u00e2teau\",\"isPartOf\":{\"@id\":\"https:\/\/chambresdhotesduchateau.com\/#website\"},\"datePublished\":\"2020-06-19T05:58:55+00:00\",\"dateModified\":\"2023-08-08T19:12:06+00:00\",\"breadcrumb\":{\"@id\":\"https:\/\/chambresdhotesduchateau.com\/?page_id=1928#breadcrumb\"},\"inLanguage\":\"fr-FR\",\"potentialAction\":[{\"@type\":\"ReadAction\",\"target\":[\"https:\/\/chambresdhotesduchateau.com\/?page_id=1928\"]}]},{\"@type\":\"BreadcrumbList\",\"@id\":\"https:\/\/chambresdhotesduchateau.com\/?page_id=1928#breadcrumb\",\"itemListElement\":[{\"@type\":\"ListItem\",\"position\":1,\"name\":\"Accueil\",\"item\":\"https:\/\/chambresdhotesduchateau.com\/\"},{\"@type\":\"ListItem\",\"position\":2,\"name\":\"Piscine\"}]},{\"@type\":\"WebSite\",\"@id\":\"https:\/\/chambresdhotesduchateau.com\/#website\",\"url\":\"https:\/\/chambresdhotesduchateau.com\/\",\"name\":\"Chambres d'H\u00f4tes du Ch\u00e2teau\",\"description\":\"Boulogne-sur-Mer\",\"publisher\":{\"@id\":\"https:\/\/chambresdhotesduchateau.com\/#organization\"},\"potentialAction\":[{\"@type\":\"SearchAction\",\"target\":{\"@type\":\"EntryPoint\",\"urlTemplate\":\"https:\/\/chambresdhotesduchateau.com\/?s={search_term_string}\"},\"query-input\":\"required name=search_term_string\"}],\"inLanguage\":\"fr-FR\"},{\"@type\":\"Organization\",\"@id\":\"https:\/\/chambresdhotesduchateau.com\/#organization\",\"name\":\"Chambres d'H\u00f4tes du Ch\u00e2teau\",\"url\":\"https:\/\/chambresdhotesduchateau.com\/\",\"logo\":{\"@type\":\"ImageObject\",\"inLanguage\":\"fr-FR\",\"@id\":\"https:\/\/chambresdhotesduchateau.com\/#\/schema\/logo\/image\/\",\"url\":\"https:\/\/chambresdhotesduchateau.com\/wp-content\/uploads\/2022\/12\/logo-cdc-2.png\",\"contentUrl\":\"https:\/\/chambresdhotesduchateau.com\/wp-content\/uploads\/2022\/12\/logo-cdc-2.png\",\"width\":482,\"height\":246,\"caption\":\"Chambres d'H\u00f4tes du Ch\u00e2teau\"},\"image\":{\"@id\":\"https:\/\/chambresdhotesduchateau.com\/#\/schema\/logo\/image\/\"},\"sameAs\":[\"https:\/\/www.facebook.com\/ChambresdHotesduChateau\/\"]}]}<\/script>\n<!-- \/ Yoast SEO plugin. -->","yoast_head_json":{"title":"Piscine - Chambres d&#039;H\u00f4tes du Ch\u00e2teau","robots":{"index":"index","follow":"follow","max-snippet":"max-snippet:-1","max-image-preview":"max-image-preview:large","max-video-preview":"max-video-preview:-1"},"canonical":"https:\/\/chambresdhotesduchateau.com\/?page_id=1928","og_locale":"fr_FR","og_type":"article","og_title":"Piscine - Chambres d&#039;H\u00f4tes du Ch\u00e2teau","og_description":"Le bassin int\u00e9rieur pour nos invit\u00e9s\u00a0 D\u00e9tente et relaxation, Disponible toute l\u2019ann\u00e9e, situ\u00e9e \u00e0 l\u2019int\u00e9rieur d\u2019une magnifique cave vout\u00e9e datant de la fin du XVII si\u00e8cle, le bassin d\u2019int\u00e9rieur de 2,50m sur 3,50m, vous offre une temp\u00e9rature id\u00e9ale \u00e0 32\u00b0, ainsi qu\u2019une banquette fa\u00e7on jacuzzi et son \u00e9clairage d\u2019ambiance. Elle vous procure une sensation de","og_url":"https:\/\/chambresdhotesduchateau.com\/?page_id=1928","og_site_name":"Chambres d&#039;H\u00f4tes du Ch\u00e2teau","article_publisher":"https:\/\/www.facebook.com\/ChambresdHotesduChateau\/","article_modified_time":"2023-08-08T19:12:06+00:00","og_image":[{"url":"http:\/\/chambresdhotesduchateau.com\/wp-content\/uploads\/2022\/12\/lala-scaled.jpg"}],"twitter_card":"summary_large_image","twitter_misc":{"Dur\u00e9e de lecture estim\u00e9e":"2 minutes"},"schema":{"@context":"https:\/\/schema.org","@graph":[{"@type":"WebPage","@id":"https:\/\/chambresdhotesduchateau.com\/?page_id=1928","url":"https:\/\/chambresdhotesduchateau.com\/?page_id=1928","name":"Piscine - Chambres d&#039;H\u00f4tes du Ch\u00e2teau","isPartOf":{"@id":"https:\/\/chambresdhotesduchateau.com\/#website"},"datePublished":"2020-06-19T05:58:55+00:00","dateModified":"2023-08-08T19:12:06+00:00","breadcrumb":{"@id":"https:\/\/chambresdhotesduchateau.com\/?page_id=1928#breadcrumb"},"inLanguage":"fr-FR","potentialAction":[{"@type":"ReadAction","target":["https:\/\/chambresdhotesduchateau.com\/?page_id=1928"]}]},{"@type":"BreadcrumbList","@id":"https:\/\/chambresdhotesduchateau.com\/?page_id=1928#breadcrumb","itemListElement":[{"@type":"ListItem","position":1,"name":"Accueil","item":"https:\/\/chambresdhotesduchateau.com\/"},{"@type":"ListItem","position":2,"name":"Piscine"}]},{"@type":"WebSite","@id":"https:\/\/chambresdhotesduchateau.com\/#website","url":"https:\/\/chambresdhotesduchateau.com\/","name":"Chambres d'H\u00f4tes du Ch\u00e2teau","description":"Boulogne-sur-Mer","publisher":{"@id":"https:\/\/chambresdhotesduchateau.com\/#organization"},"potentialAction":[{"@type":"SearchAction","target":{"@type":"EntryPoint","urlTemplate":"https:\/\/chambresdhotesduchateau.com\/?s={search_term_string}"},"query-input":"required name=search_term_string"}],"inLanguage":"fr-FR"},{"@type":"Organization","@id":"https:\/\/chambresdhotesduchateau.com\/#organization","name":"Chambres d'H\u00f4tes du Ch\u00e2teau","url":"https:\/\/chambresdhotesduchateau.com\/","logo":{"@type":"ImageObject","inLanguage":"fr-FR","@id":"https:\/\/chambresdhotesduchateau.com\/#\/schema\/logo\/image\/","url":"https:\/\/chambresdhotesduchateau.com\/wp-content\/uploads\/2022\/12\/logo-cdc-2.png","contentUrl":"https:\/\/chambresdhotesduchateau.com\/wp-content\/uploads\/2022\/12\/logo-cdc-2.png","width":482,"height":246,"caption":"Chambres d'H\u00f4tes du Ch\u00e2teau"},"image":{"@id":"https:\/\/chambresdhotesduchateau.com\/#\/schema\/logo\/image\/"},"sameAs":["https:\/\/www.facebook.com\/ChambresdHotesduChateau\/"]}]}},"_links":{"self":[{"href":"https:\/\/chambresdhotesduchateau.com\/index.php?rest_route=\/wp\/v2\/pages\/1928","targetHints":{"allow":["GET"]}}],"collection":[{"href":"https:\/\/chambresdhotesduchateau.com\/index.php?rest_route=\/wp\/v2\/pages"}],"about":[{"href":"https:\/\/chambresdhotesduchateau.com\/index.php?rest_route=\/wp\/v2\/types\/page"}],"author":[{"embeddable":true,"href":"https:\/\/chambresdhotesduchateau.com\/index.php?rest_route=\/wp\/v2\/users\/1"}],"replies":[{"embeddable":true,"href":"https:\/\/chambresdhotesduchateau.com\/index.php?rest_route=%2Fwp%2Fv2%2Fcomments&post=1928"}],"version-history":[{"count":24,"href":"https:\/\/chambresdhotesduchateau.com\/index.php?rest_route=\/wp\/v2\/pages\/1928\/revisions"}],"predecessor-version":[{"id":3706,"href":"https:\/\/chambresdhotesduchateau.com\/index.php?rest_route=\/wp\/v2\/pages\/1928\/revisions\/3706"}],"wp:attachment":[{"href":"https:\/\/chambresdhotesduchateau.com\/index.php?rest_route=%2Fwp%2Fv2%2Fmedia&parent=1928"}],"curies":[{"name":"wp","href":"https:\/\/api.w.org\/{rel}","templated":true}]}}