{"id":1332,"date":"2018-07-28T09:07:14","date_gmt":"2018-07-28T09:07:14","guid":{"rendered":"https:\/\/smartdata.tonytemplates.com\/bestel\/demo3\/hotel-term-condition\/"},"modified":"2023-04-03T22:12:30","modified_gmt":"2023-04-03T20:12:30","slug":"hotel-term-condition-2","status":"publish","type":"page","link":"https:\/\/chambresdhotesduchateau.com\/?page_id=1332","title":{"rendered":"R\u00e8glement Int\u00e9rieur"},"content":{"rendered":"\t\t<div data-elementor-type=\"wp-page\" data-elementor-id=\"1332\" class=\"elementor elementor-1332\">\n\t\t\t\t\t\t\t\t\t<section class=\"elementor-section elementor-top-section elementor-element elementor-element-61a0ef91 elementor-section-boxed elementor-section-height-default elementor-section-height-default wpr-particle-no wpr-jarallax-no wpr-parallax-no wpr-sticky-section-no\" data-id=\"61a0ef91\" data-element_type=\"section\">\n\t\t\t\t\t\t<div class=\"elementor-container elementor-column-gap-default\">\n\t\t\t\t\t<div class=\"elementor-column elementor-col-100 elementor-top-column elementor-element elementor-element-243cacb7\" data-id=\"243cacb7\" data-element_type=\"column\">\n\t\t\t<div class=\"elementor-widget-wrap elementor-element-populated\">\n\t\t\t\t\t\t\t\t<div class=\"elementor-element elementor-element-12ccaf1a elementor-widget elementor-widget-text-editor\" data-id=\"12ccaf1a\" data-element_type=\"widget\" data-widget_type=\"text-editor.default\">\n\t\t\t\t<div class=\"elementor-widget-container\">\n\t\t\t<style>\/*! elementor - v3.10.2 - 29-01-2023 *\/\n.elementor-widget-text-editor.elementor-drop-cap-view-stacked .elementor-drop-cap{background-color:#818a91;color:#fff}.elementor-widget-text-editor.elementor-drop-cap-view-framed .elementor-drop-cap{color:#818a91;border:3px solid;background-color:transparent}.elementor-widget-text-editor:not(.elementor-drop-cap-view-default) .elementor-drop-cap{margin-top:8px}.elementor-widget-text-editor:not(.elementor-drop-cap-view-default) .elementor-drop-cap-letter{width:1em;height:1em}.elementor-widget-text-editor .elementor-drop-cap{float:left;text-align:center;line-height:1;font-size:50px}.elementor-widget-text-editor .elementor-drop-cap-letter{display:inline-block}<\/style>\t\t\t\t<h3>Pr\u00e9sentation :<\/h3><p>Nous avons la libert\u00e9 de ne pas recevoir les clients ayant un comportement bruyant ou incorrect, les<br \/>clients dont le comportement est contraire aux bonnes m\u0153urs et \u00e0 l&#8217;ordre public.<\/p><h3>Paiement :<\/h3><p>Nous acceptons les paiements par carte bancaire (Visa, Eurocard, Mastercard) et<br \/>par esp\u00e8ces en euros. Nous demandons \u00e0 toute personne s\u00e9journant dans notre \u00e9tablissement de<br \/>pr\u00e9senter une pi\u00e8ce d&#8217;identit\u00e9 pour tous les r\u00e8glements.<\/p><h3>Arriv\u00e9e :<\/h3><p>Nous demandons \u00e0 tous nos clients de remplir une fiche police dont le mod\u00e8le est fix\u00e9 par arr\u00eat\u00e9<br \/>conjoint du ministre de l&#8217;int\u00e9rieur, du ministre charg\u00e9 de l&#8217;immigration et du ministre charg\u00e9 du<br \/>tourisme : https:\/\/www.servicepublic.fr\/professionnels-entreprises\/vosdroits\/R41514<\/p><h3>En cas d\u2019interruption du s\u00e9jour :<\/h3><p>Il ne sera proc\u00e9d\u00e9 \u00e0 aucun remboursement. De m\u00eame, en cas de d\u00e9part anticip\u00e9, le s\u00e9jour est d\u00fb<br \/>dans sa totalit\u00e9. La NON PR\u00c9SENTATION est consid\u00e9r\u00e9e comme la prise effective de la chambre. La<br \/>TAXE DE S\u00c9JOUR, non incluse dans le prix de la r\u00e9servation, est en vigueur dans la commune.<\/p><h3>Acc\u00e8s aux chambres :<\/h3><p>L\u2019acc\u00e8s aux chambres est garanti \u00e0 partir de 17h30, cependant un service de bagagerie est disponible<br \/>sur demande.<br \/>Les chambres doivent \u00eatre lib\u00e9r\u00e9es avant 11H00. La cl\u00e9 doit \u00eatre rendu lors du d\u00e9part.<br \/>Votre chambre est pr\u00e9vue pour un nombre de personnes d\u00e9termin\u00e9 : pour assurer les r\u00e8gles de<br \/>s\u00e9curit\u00e9 vous ne devez h\u00e9berger des personnes suppl\u00e9mentaires.<\/p><h3>Interdictions :<\/h3><p>Nous vous rappelons que l&#8217;interdiction de fumer est en vigueur dans tous les lieux publics depuis le 2<br \/>janvier 2008. Il est \u00e9galement absolument interdit de fumer dans les chambres pour des raisons<br \/>\u00e9videntes de s\u00e9curit\u00e9 et de confort. Il est interdit d&#8217;utiliser dans les chambres des appareils \u00e0 gaz ou<br \/>\u00e9lectriques autres que ceux mis \u00e0 disposition (exemples : r\u00e9chaud, cafeti\u00e8re, etc..).<br \/>Nos amis les animaux ne sont pas accept\u00e9s dans notre \u00e9tablissement.<\/p><h3>Mineurs :<\/h3><p>Seuls les enfants de plus de 15 ans sont autoris\u00e9s au sein de l&#8217;\u00e9tablissement.<\/p><p>De mani\u00e8re g\u00e9n\u00e9rale, les parents sont responsables de leurs enfants mineurs. Il est interdit de courir,<br \/>rouler (patins, trottinette, v\u00e9lo\u2026) ou crier dans l\u2019\u00e9tablissement, de jour comme de nuit.<\/p><h3>Petit d\u00e9jeuner :<\/h3><p>Le petit d\u00e9jeuner est servi \u00e0 partir de 8h30 jusqu\u2019\u00e0 10h30 dans la salle commune pr\u00e9vue \u00e0 cet effet ; le<br \/>suppl\u00e9ment pour avoir votre petit d\u00e9jeuner en chambre est de 5\u20ac, la commande est \u00e0 remettre la veille<br \/>au plus tard \u00e0 la R\u00e9ception. Au-del\u00e0 de ces horaires, nous ne pouvons vous accepter. Pour des<br \/>raisons d\u2019hygi\u00e8ne, il est interdit de stocker des aliments dans les chambres. Vous pouvez demander \u00e0<br \/>la R\u00e9ception de d\u00e9poser vos aliments dans le r\u00e9frig\u00e9rateur ou le cong\u00e9lateur.<\/p><h3>Parties communes :<\/h3><p>Merci de porter une tenue correcte lorsque vous vous trouvez dans les parties communes de<br \/>l\u2019\u00e9tablissement.<\/p><h3>R\u00e9ception :<\/h3><p>Nous d\u00e9clinons toute responsabilit\u00e9 pour vos bagages ou objets d\u00e9pos\u00e9s dans les lieux publics.<br \/>En cas de perte ou d\u2019oubli, les objets trouv\u00e9s sont d\u00e9pos\u00e9s \u00e0 la R\u00e9ception. Apr\u00e8s votre d\u00e9part, vous<br \/>pouvez vous faire envoyer vos oublis apr\u00e8s paiement des frais de livraison.<\/p><h3>Piscine :<\/h3><p>La piscine n\u2019\u00e9tant pas surveill\u00e9e, vous \u00eates sous votre propre responsabilit\u00e9. Les enfants doivent \u00eatre<br \/>accompagn\u00e9s par un adulte. Il est interdit de plonger, sauter, courir ou utiliser des ballons, jeux. Les<br \/>chaussures, la nourriture et les boissons sont strictement interdits dans l\u2019enceinte de la piscine. Merci<br \/>de porter un maillot de bain, autres v\u00eatements \u00e9tant bannis, cependant des peignoirs sont \u00e0 votre<br \/>disposition sur demande. (5euros\/personne)<\/p><h3>WIFI :<\/h3><p>Le wifi est gratuit pour les clients. Un code sera d\u00e9livr\u00e9 sur place \u00e0 la R\u00e9ception. Nous ne donnons<br \/>pas de code par mail ou par t\u00e9l\u00e9phone.<\/p><h3>D\u00e9gradation :<\/h3><p>Nous vous demandons de respecter les lieux ainsi que votre chambre. En cas de probl\u00e8me, le client<br \/>devra engager sa responsabilit\u00e9 civile. Toute souillure, casse ou d\u00e9gradation vous sera factur\u00e9e. Si<br \/>vous constatez un probl\u00e8me d\u2019usure, merci de le signaler au plus vite afin qu\u2019on intervienne dans les<br \/>plus brefs d\u00e9lais.<\/p><h3>Parking :<\/h3><p>Nous poss\u00e9dons 2 places de parking priv\u00e9 et s\u00e9curis\u00e9 avec un suppl\u00e9ment. Trois parkings publics non r\u00e9servable et gratuit sont situ\u00e9s \u00e0 moins<br \/>de 200 m\u00e8tres de l\u2019\u00e9tablissement, un service de voiturier peut-\u00eatre effectuer \u00e0 l\u2019arriv\u00e9e des clients sur<br \/>demande.<\/p><h3>Nuisances :<\/h3><p>Pour le respect du repos des autres clients, veillez \u00e0 ne pas claquer les portes ni \u00e0 faire de bruit<br \/>particuli\u00e8rement entre 22H00 et 8H00, dans les chambres ou parties communes. Tout bruit de<br \/>voisinage li\u00e9 au comportement d&#8217;une personne sous sa responsabilit\u00e9, pourra nous amener \u00e0 inviter le<br \/>client \u00e0 quitter l&#8217;\u00e9tablissement, d\u00e8s lors que le bruit engendr\u00e9 est de nature \u00e0 porter atteinte \u00e0 la<br \/>tranquillit\u00e9 de la client\u00e8le (art. R.1334-30 et R.1334-31 du Code de la Sant\u00e9 Publique). Une chambre<br \/>est un lieu de repos. De mani\u00e8re g\u00e9n\u00e9rale, merci de respecter la tranquillit\u00e9 des autres clients.<\/p><h3>R\u00e8glement int\u00e9rieur :<\/h3><p>Ce r\u00e8glement s\u2019applique \u00e0 l\u2019ensemble des r\u00e9servations. Tout s\u00e9jour entra\u00eene l\u2019acceptation des<br \/>conditions particuli\u00e8res et du r\u00e8glement int\u00e9rieur.<\/p><h6>En cas de non-respect par le client d\u2019une de ces dispositions, l\u2019h\u00f4te se trouvera dans<br \/>l\u2019obligation d\u2019inviter le client \u00e0 quitter l\u2019\u00e9tablissement et ce, sans aucune indemnit\u00e9.<\/h6>\t\t\t\t\t\t<\/div>\n\t\t\t\t<\/div>\n\t\t\t\t\t<\/div>\n\t\t<\/div>\n\t\t\t\t\t\t\t<\/div>\n\t\t<\/section>\n\t\t\t\t\t\t\t<\/div>\n\t\t","protected":false},"excerpt":{"rendered":"<p>Pr\u00e9sentation : Nous avons la libert\u00e9 de ne pas recevoir les clients ayant un comportement bruyant ou incorrect, lesclients dont le comportement est contraire aux bonnes m\u0153urs et \u00e0 l&#8217;ordre public. Paiement : Nous acceptons les paiements par carte bancaire (Visa, Eurocard, Mastercard) etpar esp\u00e8ces en euros. Nous demandons \u00e0 toute personne s\u00e9journant dans notre<\/p>\n","protected":false},"author":1,"featured_media":0,"parent":0,"menu_order":0,"comment_status":"closed","ping_status":"closed","template":"","meta":{"footnotes":""},"class_list":["post-1332","page","type-page","status-publish","hentry"],"yoast_head":"<!-- This site is optimized with the Yoast SEO plugin v20.1 - https:\/\/yoast.com\/wordpress\/plugins\/seo\/ -->\n<title>R\u00e8glement Int\u00e9rieur - Chambres d&#039;H\u00f4tes du Ch\u00e2teau<\/title>\n<meta name=\"robots\" content=\"index, follow, max-snippet:-1, max-image-preview:large, max-video-preview:-1\" \/>\n<link rel=\"canonical\" href=\"https:\/\/chambresdhotesduchateau.com\/?page_id=1332\" \/>\n<meta property=\"og:locale\" content=\"fr_FR\" \/>\n<meta property=\"og:type\" content=\"article\" \/>\n<meta property=\"og:title\" content=\"R\u00e8glement Int\u00e9rieur - Chambres d&#039;H\u00f4tes du Ch\u00e2teau\" \/>\n<meta property=\"og:description\" content=\"Pr\u00e9sentation : Nous avons la libert\u00e9 de ne pas recevoir les clients ayant un comportement bruyant ou incorrect, lesclients dont le comportement est contraire aux bonnes m\u0153urs et \u00e0 l&#8217;ordre public. Paiement : Nous acceptons les paiements par carte bancaire (Visa, Eurocard, Mastercard) etpar esp\u00e8ces en euros. Nous demandons \u00e0 toute personne s\u00e9journant dans notre\" \/>\n<meta property=\"og:url\" content=\"https:\/\/chambresdhotesduchateau.com\/?page_id=1332\" \/>\n<meta property=\"og:site_name\" content=\"Chambres d&#039;H\u00f4tes du Ch\u00e2teau\" \/>\n<meta property=\"article:publisher\" content=\"https:\/\/www.facebook.com\/ChambresdHotesduChateau\/\" \/>\n<meta property=\"article:modified_time\" content=\"2023-04-03T20:12:30+00:00\" \/>\n<meta name=\"twitter:card\" content=\"summary_large_image\" \/>\n<meta name=\"twitter:label1\" content=\"Dur\u00e9e de lecture estim\u00e9e\" \/>\n\t<meta name=\"twitter:data1\" content=\"5 minutes\" \/>\n<script type=\"application\/ld+json\" class=\"yoast-schema-graph\">{\"@context\":\"https:\/\/schema.org\",\"@graph\":[{\"@type\":\"WebPage\",\"@id\":\"https:\/\/chambresdhotesduchateau.com\/?page_id=1332\",\"url\":\"https:\/\/chambresdhotesduchateau.com\/?page_id=1332\",\"name\":\"R\u00e8glement Int\u00e9rieur - Chambres d&#039;H\u00f4tes du Ch\u00e2teau\",\"isPartOf\":{\"@id\":\"https:\/\/chambresdhotesduchateau.com\/#website\"},\"datePublished\":\"2018-07-28T09:07:14+00:00\",\"dateModified\":\"2023-04-03T20:12:30+00:00\",\"breadcrumb\":{\"@id\":\"https:\/\/chambresdhotesduchateau.com\/?page_id=1332#breadcrumb\"},\"inLanguage\":\"fr-FR\",\"potentialAction\":[{\"@type\":\"ReadAction\",\"target\":[\"https:\/\/chambresdhotesduchateau.com\/?page_id=1332\"]}]},{\"@type\":\"BreadcrumbList\",\"@id\":\"https:\/\/chambresdhotesduchateau.com\/?page_id=1332#breadcrumb\",\"itemListElement\":[{\"@type\":\"ListItem\",\"position\":1,\"name\":\"Accueil\",\"item\":\"https:\/\/chambresdhotesduchateau.com\/\"},{\"@type\":\"ListItem\",\"position\":2,\"name\":\"R\u00e8glement Int\u00e9rieur\"}]},{\"@type\":\"WebSite\",\"@id\":\"https:\/\/chambresdhotesduchateau.com\/#website\",\"url\":\"https:\/\/chambresdhotesduchateau.com\/\",\"name\":\"Chambres d'H\u00f4tes du Ch\u00e2teau\",\"description\":\"Boulogne-sur-Mer\",\"publisher\":{\"@id\":\"https:\/\/chambresdhotesduchateau.com\/#organization\"},\"potentialAction\":[{\"@type\":\"SearchAction\",\"target\":{\"@type\":\"EntryPoint\",\"urlTemplate\":\"https:\/\/chambresdhotesduchateau.com\/?s={search_term_string}\"},\"query-input\":\"required name=search_term_string\"}],\"inLanguage\":\"fr-FR\"},{\"@type\":\"Organization\",\"@id\":\"https:\/\/chambresdhotesduchateau.com\/#organization\",\"name\":\"Chambres d'H\u00f4tes du Ch\u00e2teau\",\"url\":\"https:\/\/chambresdhotesduchateau.com\/\",\"logo\":{\"@type\":\"ImageObject\",\"inLanguage\":\"fr-FR\",\"@id\":\"https:\/\/chambresdhotesduchateau.com\/#\/schema\/logo\/image\/\",\"url\":\"https:\/\/chambresdhotesduchateau.com\/wp-content\/uploads\/2022\/12\/logo-cdc-2.png\",\"contentUrl\":\"https:\/\/chambresdhotesduchateau.com\/wp-content\/uploads\/2022\/12\/logo-cdc-2.png\",\"width\":482,\"height\":246,\"caption\":\"Chambres d'H\u00f4tes du Ch\u00e2teau\"},\"image\":{\"@id\":\"https:\/\/chambresdhotesduchateau.com\/#\/schema\/logo\/image\/\"},\"sameAs\":[\"https:\/\/www.facebook.com\/ChambresdHotesduChateau\/\"]}]}<\/script>\n<!-- \/ Yoast SEO plugin. -->","yoast_head_json":{"title":"R\u00e8glement Int\u00e9rieur - Chambres d&#039;H\u00f4tes du Ch\u00e2teau","robots":{"index":"index","follow":"follow","max-snippet":"max-snippet:-1","max-image-preview":"max-image-preview:large","max-video-preview":"max-video-preview:-1"},"canonical":"https:\/\/chambresdhotesduchateau.com\/?page_id=1332","og_locale":"fr_FR","og_type":"article","og_title":"R\u00e8glement Int\u00e9rieur - Chambres d&#039;H\u00f4tes du Ch\u00e2teau","og_description":"Pr\u00e9sentation : Nous avons la libert\u00e9 de ne pas recevoir les clients ayant un comportement bruyant ou incorrect, lesclients dont le comportement est contraire aux bonnes m\u0153urs et \u00e0 l&#8217;ordre public. Paiement : Nous acceptons les paiements par carte bancaire (Visa, Eurocard, Mastercard) etpar esp\u00e8ces en euros. Nous demandons \u00e0 toute personne s\u00e9journant dans notre","og_url":"https:\/\/chambresdhotesduchateau.com\/?page_id=1332","og_site_name":"Chambres d&#039;H\u00f4tes du Ch\u00e2teau","article_publisher":"https:\/\/www.facebook.com\/ChambresdHotesduChateau\/","article_modified_time":"2023-04-03T20:12:30+00:00","twitter_card":"summary_large_image","twitter_misc":{"Dur\u00e9e de lecture estim\u00e9e":"5 minutes"},"schema":{"@context":"https:\/\/schema.org","@graph":[{"@type":"WebPage","@id":"https:\/\/chambresdhotesduchateau.com\/?page_id=1332","url":"https:\/\/chambresdhotesduchateau.com\/?page_id=1332","name":"R\u00e8glement Int\u00e9rieur - Chambres d&#039;H\u00f4tes du Ch\u00e2teau","isPartOf":{"@id":"https:\/\/chambresdhotesduchateau.com\/#website"},"datePublished":"2018-07-28T09:07:14+00:00","dateModified":"2023-04-03T20:12:30+00:00","breadcrumb":{"@id":"https:\/\/chambresdhotesduchateau.com\/?page_id=1332#breadcrumb"},"inLanguage":"fr-FR","potentialAction":[{"@type":"ReadAction","target":["https:\/\/chambresdhotesduchateau.com\/?page_id=1332"]}]},{"@type":"BreadcrumbList","@id":"https:\/\/chambresdhotesduchateau.com\/?page_id=1332#breadcrumb","itemListElement":[{"@type":"ListItem","position":1,"name":"Accueil","item":"https:\/\/chambresdhotesduchateau.com\/"},{"@type":"ListItem","position":2,"name":"R\u00e8glement Int\u00e9rieur"}]},{"@type":"WebSite","@id":"https:\/\/chambresdhotesduchateau.com\/#website","url":"https:\/\/chambresdhotesduchateau.com\/","name":"Chambres d'H\u00f4tes du Ch\u00e2teau","description":"Boulogne-sur-Mer","publisher":{"@id":"https:\/\/chambresdhotesduchateau.com\/#organization"},"potentialAction":[{"@type":"SearchAction","target":{"@type":"EntryPoint","urlTemplate":"https:\/\/chambresdhotesduchateau.com\/?s={search_term_string}"},"query-input":"required name=search_term_string"}],"inLanguage":"fr-FR"},{"@type":"Organization","@id":"https:\/\/chambresdhotesduchateau.com\/#organization","name":"Chambres d'H\u00f4tes du Ch\u00e2teau","url":"https:\/\/chambresdhotesduchateau.com\/","logo":{"@type":"ImageObject","inLanguage":"fr-FR","@id":"https:\/\/chambresdhotesduchateau.com\/#\/schema\/logo\/image\/","url":"https:\/\/chambresdhotesduchateau.com\/wp-content\/uploads\/2022\/12\/logo-cdc-2.png","contentUrl":"https:\/\/chambresdhotesduchateau.com\/wp-content\/uploads\/2022\/12\/logo-cdc-2.png","width":482,"height":246,"caption":"Chambres d'H\u00f4tes du Ch\u00e2teau"},"image":{"@id":"https:\/\/chambresdhotesduchateau.com\/#\/schema\/logo\/image\/"},"sameAs":["https:\/\/www.facebook.com\/ChambresdHotesduChateau\/"]}]}},"_links":{"self":[{"href":"https:\/\/chambresdhotesduchateau.com\/index.php?rest_route=\/wp\/v2\/pages\/1332","targetHints":{"allow":["GET"]}}],"collection":[{"href":"https:\/\/chambresdhotesduchateau.com\/index.php?rest_route=\/wp\/v2\/pages"}],"about":[{"href":"https:\/\/chambresdhotesduchateau.com\/index.php?rest_route=\/wp\/v2\/types\/page"}],"author":[{"embeddable":true,"href":"https:\/\/chambresdhotesduchateau.com\/index.php?rest_route=\/wp\/v2\/users\/1"}],"replies":[{"embeddable":true,"href":"https:\/\/chambresdhotesduchateau.com\/index.php?rest_route=%2Fwp%2Fv2%2Fcomments&post=1332"}],"version-history":[{"count":14,"href":"https:\/\/chambresdhotesduchateau.com\/index.php?rest_route=\/wp\/v2\/pages\/1332\/revisions"}],"predecessor-version":[{"id":3707,"href":"https:\/\/chambresdhotesduchateau.com\/index.php?rest_route=\/wp\/v2\/pages\/1332\/revisions\/3707"}],"wp:attachment":[{"href":"https:\/\/chambresdhotesduchateau.com\/index.php?rest_route=%2Fwp%2Fv2%2Fmedia&parent=1332"}],"curies":[{"name":"wp","href":"https:\/\/api.w.org\/{rel}","templated":true}]}}